{"id":11144,"date":"2025-11-09T12:47:40","date_gmt":"2025-11-09T11:47:40","guid":{"rendered":"https:\/\/svepretur.se\/sms-registration\/"},"modified":"2026-01-07T09:14:46","modified_gmt":"2026-01-07T08:14:46","slug":"sms-registration","status":"publish","type":"page","link":"https:\/\/svepretur.se\/en\/sms-registration\/","title":{"rendered":"SMS Registration"},"content":{"rendered":"<p><div class=\"fusion-fullwidth fullwidth-box fusion-builder-row-1 fusion-flex-container has-pattern-background has-mask-background nonhundred-percent-fullwidth non-hundred-percent-height-scrolling\" style=\"--awb-border-radius-top-left:0px;--awb-border-radius-top-right:0px;--awb-border-radius-bottom-right:0px;--awb-border-radius-bottom-left:0px;--awb-padding-bottom:50px;--awb-flex-wrap:wrap;\" ><div class=\"fusion-builder-row fusion-row fusion-flex-align-items-flex-start fusion-flex-justify-content-center fusion-flex-content-wrap\" style=\"max-width:1664px;margin-left: calc(-4% \/ 2 );margin-right: calc(-4% \/ 2 );\"><div class=\"fusion-layout-column fusion_builder_column fusion-builder-column-0 fusion_builder_column_1_2 1_2 fusion-flex-column\" style=\"--awb-bg-size:cover;--awb-width-large:50%;--awb-margin-top-large:0px;--awb-spacing-right-large:3.84%;--awb-margin-bottom-large:20px;--awb-spacing-left-large:3.84%;--awb-width-medium:50%;--awb-order-medium:0;--awb-spacing-right-medium:3.84%;--awb-spacing-left-medium:3.84%;--awb-width-small:100%;--awb-order-small:0;--awb-spacing-right-small:1.92%;--awb-spacing-left-small:1.92%;\"><div class=\"fusion-column-wrapper fusion-column-has-shadow fusion-flex-justify-content-flex-start fusion-content-layout-column\"><div class=\"fusion-title title fusion-title-1 fusion-sep-none fusion-title-center fusion-title-text fusion-title-size-one\"><h1 class=\"fusion-title-heading title-heading-center fusion-responsive-typography-calculated\" style=\"margin:0;--fontSize:63;line-height:1.12;\">SMS Registration<\/h1><\/div><div class=\"fusion-text fusion-text-1\" style=\"--awb-content-alignment:center;\"><p>Would you like to receive a reminder when the collection lists for your county are updated? Easily sign up for Svepretur&#8217;s SMS service and receive the information directly on your mobile phone.<\/p>\n<\/div><\/div><\/div><\/div><\/div><div class=\"fusion-fullwidth fullwidth-box fusion-builder-row-2 fusion-flex-container has-pattern-background has-mask-background nonhundred-percent-fullwidth non-hundred-percent-height-scrolling\" style=\"--awb-border-radius-top-left:0px;--awb-border-radius-top-right:0px;--awb-border-radius-bottom-right:0px;--awb-border-radius-bottom-left:0px;--awb-padding-bottom:50px;--awb-flex-wrap:wrap;\" ><div class=\"fusion-builder-row fusion-row fusion-flex-align-items-flex-start fusion-flex-justify-content-center fusion-flex-content-wrap\" style=\"max-width:1664px;margin-left: calc(-4% \/ 2 );margin-right: calc(-4% \/ 2 );\"><div class=\"fusion-layout-column fusion_builder_column fusion-builder-column-1 fusion_builder_column_1_1 1_1 fusion-flex-column\" style=\"--awb-padding-top:4%;--awb-overflow:hidden;--awb-bg-color:var(--awb-custom_color_13);--awb-bg-color-hover:var(--awb-custom_color_13);--awb-bg-size:cover;--awb-border-radius:12px 12px 12px 12px;--awb-width-large:100%;--awb-margin-top-large:0px;--awb-spacing-right-large:1.92%;--awb-margin-bottom-large:20px;--awb-spacing-left-large:1.92%;--awb-width-medium:100%;--awb-order-medium:0;--awb-spacing-right-medium:1.92%;--awb-spacing-left-medium:1.92%;--awb-width-small:100%;--awb-order-small:0;--awb-spacing-right-small:1.92%;--awb-spacing-left-small:1.92%;\"><div class=\"fusion-column-wrapper fusion-column-has-shadow fusion-flex-justify-content-flex-start fusion-content-layout-column\"><div class=\"fusion-builder-row fusion-builder-row-inner fusion-row fusion-flex-align-items-flex-start fusion-flex-justify-content-center fusion-flex-content-wrap\" style=\"width:104% !important;max-width:104% !important;margin-left: calc(-4% \/ 2 );margin-right: calc(-4% \/ 2 );\"><div class=\"fusion-layout-column fusion_builder_column_inner fusion-builder-nested-column-0 fusion_builder_column_inner_2_5 2_5 fusion-flex-column fusion-flex-align-self-center\" style=\"--awb-padding-top:4%;--awb-padding-right:4%;--awb-padding-bottom:4%;--awb-padding-left:8%;--awb-bg-size:cover;--awb-width-large:40%;--awb-margin-top-large:0px;--awb-spacing-right-large:4.8%;--awb-margin-bottom-large:20px;--awb-spacing-left-large:4.8%;--awb-width-medium:50%;--awb-order-medium:0;--awb-spacing-right-medium:3.84%;--awb-spacing-left-medium:3.84%;--awb-width-small:100%;--awb-order-small:1;--awb-spacing-right-small:1.92%;--awb-spacing-left-small:1.92%;\"><div class=\"fusion-column-wrapper fusion-column-has-shadow fusion-flex-justify-content-flex-start fusion-content-layout-column\"><div class=\"fusion-title title fusion-title-2 fusion-sep-none fusion-title-text fusion-title-size-two\"><h2 class=\"fusion-title-heading title-heading-left fusion-responsive-typography-calculated\" style=\"margin:0;--fontSize:47;line-height:1.12;\">Register<\/h2><\/div><div class=\"fusion-text fusion-text-2\" style=\"--awb-font-size:var(--awb-typography4-font-size);\"><p>Send an SMS with the text \u201cLantbruksplast [County]\u201d to 71140.<\/p>\n<p>Make the registration from the mobile number that will receive the messages. Once your registration is received, you will receive a confirmation via SMS.<\/p>\n<p>Example: Lantbruksplast J\u00f6nk\u00f6ping<\/p>\n<\/div><div class=\"fusion-separator fusion-full-width-sep\" style=\"align-self: center;margin-left: auto;margin-right: auto;margin-bottom:50px;width:100%;\"><\/div><div class=\"fusion-title title fusion-title-3 fusion-sep-none fusion-title-text fusion-title-size-five\"><h5 class=\"fusion-title-heading title-heading-left fusion-responsive-typography-calculated\" style=\"margin:0;--fontSize:19;line-height:1.12;\">Counties that can be registered<\/h5><\/div><div class=\"fusion-text fusion-text-3\" style=\"--awb-font-size:var(--awb-typography4-font-size);\"><p>Blekinge, Dalarna, Gotland, G\u00e4vleborg, Halland, J\u00e4mtland, J\u00f6nk\u00f6ping, Kalmar, Kronoberg, Norrbotten, Sk\u00e5ne, Stockholm, S\u00f6dermanland, Uppsala, V\u00e4rmland, V\u00e4sterbotten, V\u00e4sternorrland, V\u00e4stmanland, V\u00e4stra G\u00f6taland, \u00d6rebro and \u00d6sterg\u00f6tland.<\/p>\n<\/div><\/div><\/div><div class=\"fusion-layout-column fusion_builder_column_inner fusion-builder-nested-column-1 fusion_builder_column_inner_1_2 1_2 fusion-flex-column fusion-flex-align-self-flex-end\" style=\"--awb-padding-top-medium:4%;--awb-padding-right-medium:4%;--awb-padding-left-medium:4%;--awb-padding-top-small:8%;--awb-padding-right-small:6%;--awb-padding-left-small:6%;--awb-bg-size:cover;--awb-width-large:50%;--awb-margin-top-large:0px;--awb-spacing-right-large:3.84%;--awb-margin-bottom-large:0px;--awb-spacing-left-large:3.84%;--awb-width-medium:50%;--awb-order-medium:0;--awb-spacing-right-medium:3.84%;--awb-spacing-left-medium:3.84%;--awb-width-small:100%;--awb-order-small:0;--awb-spacing-right-small:1.92%;--awb-spacing-left-small:1.92%;\"><div class=\"fusion-column-wrapper fusion-column-has-shadow fusion-flex-justify-content-flex-start fusion-content-layout-column\"><div class=\"fusion-image-element fusion-no-small-visibility\" style=\"text-align:center;--awb-max-width:50%;--awb-caption-title-font-family:var(--h2_typography-font-family);--awb-caption-title-font-weight:var(--h2_typography-font-weight);--awb-caption-title-font-style:var(--h2_typography-font-style);--awb-caption-title-size:var(--h2_typography-font-size);--awb-caption-title-transform:var(--h2_typography-text-transform);--awb-caption-title-line-height:var(--h2_typography-line-height);--awb-caption-title-letter-spacing:var(--h2_typography-letter-spacing);\"><span class=\" fusion-imageframe imageframe-none imageframe-1 hover-type-none\"><img decoding=\"async\" width=\"890\" height=\"1187\" title=\"svepretur-sms_registrering\" src=\"https:\/\/svepretur.se\/wp-content\/uploads\/2025\/11\/svepretur-sms_registrering.png\" alt class=\"img-responsive wp-image-427\" srcset=\"https:\/\/svepretur.se\/wp-content\/uploads\/2025\/11\/svepretur-sms_registrering-200x267.png 200w, https:\/\/svepretur.se\/wp-content\/uploads\/2025\/11\/svepretur-sms_registrering-400x533.png 400w, https:\/\/svepretur.se\/wp-content\/uploads\/2025\/11\/svepretur-sms_registrering-600x800.png 600w, https:\/\/svepretur.se\/wp-content\/uploads\/2025\/11\/svepretur-sms_registrering-800x1067.png 800w, https:\/\/svepretur.se\/wp-content\/uploads\/2025\/11\/svepretur-sms_registrering.png 890w\" sizes=\"(max-width: 640px) 100vw, 800px\" \/><\/span><\/div><div class=\"fusion-image-element fusion-no-medium-visibility fusion-no-large-visibility\" style=\"text-align:center;--awb-max-width:70%;--awb-caption-title-font-family:var(--h2_typography-font-family);--awb-caption-title-font-weight:var(--h2_typography-font-weight);--awb-caption-title-font-style:var(--h2_typography-font-style);--awb-caption-title-size:var(--h2_typography-font-size);--awb-caption-title-transform:var(--h2_typography-text-transform);--awb-caption-title-line-height:var(--h2_typography-line-height);--awb-caption-title-letter-spacing:var(--h2_typography-letter-spacing);\"><span class=\" fusion-imageframe imageframe-none imageframe-2 hover-type-none\"><img decoding=\"async\" width=\"890\" height=\"1187\" title=\"svepretur-sms_registrering\" src=\"https:\/\/svepretur.se\/wp-content\/uploads\/2025\/11\/svepretur-sms_registrering.png\" alt class=\"img-responsive wp-image-427\" srcset=\"https:\/\/svepretur.se\/wp-content\/uploads\/2025\/11\/svepretur-sms_registrering-200x267.png 200w, https:\/\/svepretur.se\/wp-content\/uploads\/2025\/11\/svepretur-sms_registrering-400x533.png 400w, https:\/\/svepretur.se\/wp-content\/uploads\/2025\/11\/svepretur-sms_registrering-600x800.png 600w, https:\/\/svepretur.se\/wp-content\/uploads\/2025\/11\/svepretur-sms_registrering-800x1067.png 800w, https:\/\/svepretur.se\/wp-content\/uploads\/2025\/11\/svepretur-sms_registrering.png 890w\" sizes=\"(max-width: 640px) 100vw, 800px\" \/><\/span><\/div><div class=\"fusion-separator fusion-no-medium-visibility fusion-no-large-visibility fusion-full-width-sep\" style=\"align-self: center;margin-left: auto;margin-right: auto;margin-top:-1px;width:100%;\"><div class=\"fusion-separator-border sep-single sep-solid\" style=\"--awb-height:20px;--awb-amount:20px;--awb-sep-color:var(--awb-custom_color_10);border-color:var(--awb-custom_color_10);border-top-width:1px;\"><\/div><\/div><\/div><\/div><\/div><\/div><\/div><\/div><\/div><div class=\"fusion-fullwidth fullwidth-box fusion-builder-row-3 fusion-flex-container has-pattern-background has-mask-background nonhundred-percent-fullwidth non-hundred-percent-height-scrolling\" style=\"--awb-border-radius-top-left:0px;--awb-border-radius-top-right:0px;--awb-border-radius-bottom-right:0px;--awb-border-radius-bottom-left:0px;--awb-padding-bottom:50px;--awb-flex-wrap:wrap;\" ><div class=\"fusion-builder-row fusion-row fusion-flex-align-items-flex-start fusion-flex-justify-content-center fusion-flex-content-wrap\" style=\"max-width:1664px;margin-left: calc(-4% \/ 2 );margin-right: calc(-4% \/ 2 );\"><div class=\"fusion-layout-column fusion_builder_column fusion-builder-column-2 fusion_builder_column_1_1 1_1 fusion-flex-column\" style=\"--awb-padding-top:4%;--awb-overflow:hidden;--awb-bg-color:var(--awb-custom_color_13);--awb-bg-color-hover:var(--awb-custom_color_13);--awb-bg-size:cover;--awb-border-radius:12px 12px 12px 12px;--awb-width-large:100%;--awb-margin-top-large:0px;--awb-spacing-right-large:1.92%;--awb-margin-bottom-large:20px;--awb-spacing-left-large:1.92%;--awb-width-medium:100%;--awb-order-medium:0;--awb-spacing-right-medium:1.92%;--awb-spacing-left-medium:1.92%;--awb-width-small:100%;--awb-order-small:0;--awb-spacing-right-small:1.92%;--awb-spacing-left-small:1.92%;\"><div class=\"fusion-column-wrapper fusion-column-has-shadow fusion-flex-justify-content-flex-start fusion-content-layout-column\"><div class=\"fusion-builder-row fusion-builder-row-inner fusion-row fusion-flex-align-items-flex-start fusion-flex-justify-content-center fusion-flex-content-wrap\" style=\"width:104% !important;max-width:104% !important;margin-left: calc(-4% \/ 2 );margin-right: calc(-4% \/ 2 );\"><div class=\"fusion-layout-column fusion_builder_column_inner fusion-builder-nested-column-2 fusion_builder_column_inner_1_2 1_2 fusion-flex-column fusion-flex-align-self-flex-end\" style=\"--awb-padding-top-medium:4%;--awb-padding-right-medium:4%;--awb-padding-left-medium:4%;--awb-padding-top-small:8%;--awb-padding-right-small:6%;--awb-padding-left-small:6%;--awb-bg-size:cover;--awb-width-large:50%;--awb-margin-top-large:0px;--awb-spacing-right-large:3.84%;--awb-margin-bottom-large:0px;--awb-spacing-left-large:3.84%;--awb-width-medium:50%;--awb-order-medium:0;--awb-spacing-right-medium:3.84%;--awb-spacing-left-medium:3.84%;--awb-width-small:100%;--awb-order-small:0;--awb-spacing-right-small:1.92%;--awb-spacing-left-small:1.92%;\"><div class=\"fusion-column-wrapper fusion-column-has-shadow fusion-flex-justify-content-flex-start fusion-content-layout-column\"><div class=\"fusion-image-element fusion-no-small-visibility\" style=\"text-align:center;--awb-max-width:50%;--awb-caption-title-font-family:var(--h2_typography-font-family);--awb-caption-title-font-weight:var(--h2_typography-font-weight);--awb-caption-title-font-style:var(--h2_typography-font-style);--awb-caption-title-size:var(--h2_typography-font-size);--awb-caption-title-transform:var(--h2_typography-text-transform);--awb-caption-title-line-height:var(--h2_typography-line-height);--awb-caption-title-letter-spacing:var(--h2_typography-letter-spacing);\"><span class=\" fusion-imageframe imageframe-none imageframe-3 hover-type-none\"><img decoding=\"async\" width=\"890\" height=\"1186\" title=\"svepretur-sms_avregistrering\" src=\"https:\/\/svepretur.se\/wp-content\/uploads\/2025\/11\/svepretur-sms_avregistrering.png\" alt class=\"img-responsive wp-image-426\" srcset=\"https:\/\/svepretur.se\/wp-content\/uploads\/2025\/11\/svepretur-sms_avregistrering-200x267.png 200w, https:\/\/svepretur.se\/wp-content\/uploads\/2025\/11\/svepretur-sms_avregistrering-400x533.png 400w, https:\/\/svepretur.se\/wp-content\/uploads\/2025\/11\/svepretur-sms_avregistrering-600x800.png 600w, https:\/\/svepretur.se\/wp-content\/uploads\/2025\/11\/svepretur-sms_avregistrering-800x1066.png 800w, https:\/\/svepretur.se\/wp-content\/uploads\/2025\/11\/svepretur-sms_avregistrering.png 890w\" sizes=\"(max-width: 640px) 100vw, 800px\" \/><\/span><\/div><div class=\"fusion-image-element fusion-no-medium-visibility fusion-no-large-visibility\" style=\"text-align:center;--awb-max-width:70%;--awb-caption-title-font-family:var(--h2_typography-font-family);--awb-caption-title-font-weight:var(--h2_typography-font-weight);--awb-caption-title-font-style:var(--h2_typography-font-style);--awb-caption-title-size:var(--h2_typography-font-size);--awb-caption-title-transform:var(--h2_typography-text-transform);--awb-caption-title-line-height:var(--h2_typography-line-height);--awb-caption-title-letter-spacing:var(--h2_typography-letter-spacing);\"><span class=\" fusion-imageframe imageframe-none imageframe-4 hover-type-none\"><img decoding=\"async\" width=\"890\" height=\"1186\" title=\"svepretur-sms_avregistrering\" src=\"https:\/\/svepretur.se\/wp-content\/uploads\/2025\/11\/svepretur-sms_avregistrering.png\" alt class=\"img-responsive wp-image-426\" srcset=\"https:\/\/svepretur.se\/wp-content\/uploads\/2025\/11\/svepretur-sms_avregistrering-200x267.png 200w, https:\/\/svepretur.se\/wp-content\/uploads\/2025\/11\/svepretur-sms_avregistrering-400x533.png 400w, https:\/\/svepretur.se\/wp-content\/uploads\/2025\/11\/svepretur-sms_avregistrering-600x800.png 600w, https:\/\/svepretur.se\/wp-content\/uploads\/2025\/11\/svepretur-sms_avregistrering-800x1066.png 800w, https:\/\/svepretur.se\/wp-content\/uploads\/2025\/11\/svepretur-sms_avregistrering.png 890w\" sizes=\"(max-width: 640px) 100vw, 800px\" \/><\/span><\/div><div class=\"fusion-separator fusion-no-medium-visibility fusion-no-large-visibility fusion-full-width-sep\" style=\"align-self: center;margin-left: auto;margin-right: auto;margin-top:-1px;width:100%;\"><div class=\"fusion-separator-border sep-single sep-solid\" style=\"--awb-height:20px;--awb-amount:20px;--awb-sep-color:var(--awb-custom_color_10);border-color:var(--awb-custom_color_10);border-top-width:1px;\"><\/div><\/div><\/div><\/div><div class=\"fusion-layout-column fusion_builder_column_inner fusion-builder-nested-column-3 fusion_builder_column_inner_2_5 2_5 fusion-flex-column fusion-flex-align-self-center\" style=\"--awb-padding-top:4%;--awb-padding-right:4%;--awb-padding-bottom:4%;--awb-padding-left:8%;--awb-bg-size:cover;--awb-width-large:40%;--awb-margin-top-large:0px;--awb-spacing-right-large:4.8%;--awb-margin-bottom-large:20px;--awb-spacing-left-large:4.8%;--awb-width-medium:50%;--awb-order-medium:0;--awb-spacing-right-medium:3.84%;--awb-spacing-left-medium:3.84%;--awb-width-small:100%;--awb-order-small:1;--awb-spacing-right-small:1.92%;--awb-spacing-left-small:1.92%;\"><div class=\"fusion-column-wrapper fusion-column-has-shadow fusion-flex-justify-content-flex-start fusion-content-layout-column\"><div class=\"fusion-title title fusion-title-4 fusion-sep-none fusion-title-text fusion-title-size-two\"><h2 class=\"fusion-title-heading title-heading-left fusion-responsive-typography-calculated\" style=\"margin:0;--fontSize:47;line-height:1.12;\">Unregister<\/h2><\/div><div class=\"fusion-text fusion-text-4\" style=\"--awb-font-size:var(--awb-typography4-font-size);\"><p>If you no longer wish to receive mailings, send an SMS with the text \u201cLantbruksplast [County] STOP\u201d to 71140 \u2013 from the same mobile number you used when registering.<\/p>\n<p>You will receive a confirmation when the deregistration is complete.<\/p>\n<p>Example: Lantbruksplast J\u00f6nk\u00f6ping STOP<\/p>\n<\/div><\/div><\/div><\/div><\/div><\/div><\/div><\/div><\/p>\n","protected":false},"excerpt":{"rendered":"","protected":false},"author":1,"featured_media":0,"parent":0,"menu_order":0,"comment_status":"closed","ping_status":"closed","template":"100-width.php","meta":{"_acf_changed":false,"footnotes":""},"class_list":["post-11144","page","type-page","status-publish","hentry"],"acf":[],"_links":{"self":[{"href":"https:\/\/svepretur.se\/en\/wp-json\/wp\/v2\/pages\/11144","targetHints":{"allow":["GET"]}}],"collection":[{"href":"https:\/\/svepretur.se\/en\/wp-json\/wp\/v2\/pages"}],"about":[{"href":"https:\/\/svepretur.se\/en\/wp-json\/wp\/v2\/types\/page"}],"author":[{"embeddable":true,"href":"https:\/\/svepretur.se\/en\/wp-json\/wp\/v2\/users\/1"}],"replies":[{"embeddable":true,"href":"https:\/\/svepretur.se\/en\/wp-json\/wp\/v2\/comments?post=11144"}],"version-history":[{"count":3,"href":"https:\/\/svepretur.se\/en\/wp-json\/wp\/v2\/pages\/11144\/revisions"}],"predecessor-version":[{"id":11147,"href":"https:\/\/svepretur.se\/en\/wp-json\/wp\/v2\/pages\/11144\/revisions\/11147"}],"wp:attachment":[{"href":"https:\/\/svepretur.se\/en\/wp-json\/wp\/v2\/media?parent=11144"}],"curies":[{"name":"wp","href":"https:\/\/api.w.org\/{rel}","templated":true}]}}