{"id":11140,"date":"2025-11-08T13:20:41","date_gmt":"2025-11-08T12:20:41","guid":{"rendered":"https:\/\/svepretur.se\/about-svepretur\/"},"modified":"2026-02-26T17:02:34","modified_gmt":"2026-02-26T16:02:34","slug":"about-svepretur","status":"publish","type":"page","link":"https:\/\/svepretur.se\/en\/about-svepretur\/","title":{"rendered":"About Svepretur"},"content":{"rendered":"<p><div class=\"fusion-fullwidth fullwidth-box fusion-builder-row-1 fusion-flex-container has-pattern-background has-mask-background nonhundred-percent-fullwidth non-hundred-percent-height-scrolling\" style=\"--awb-border-radius-top-left:0px;--awb-border-radius-top-right:0px;--awb-border-radius-bottom-right:0px;--awb-border-radius-bottom-left:0px;--awb-padding-bottom:100px;--awb-flex-wrap:wrap;\" ><div class=\"fusion-builder-row fusion-row fusion-flex-align-items-center fusion-flex-content-wrap\" style=\"max-width:1664px;margin-left: calc(-4% \/ 2 );margin-right: calc(-4% \/ 2 );\"><div class=\"fusion-layout-column fusion_builder_column fusion-builder-column-0 fusion_builder_column_1_1 1_1 fusion-flex-column\" style=\"--awb-bg-size:cover;--awb-width-large:100%;--awb-margin-top-large:0px;--awb-spacing-right-large:1.92%;--awb-margin-bottom-large:20px;--awb-spacing-left-large:1.92%;--awb-width-medium:100%;--awb-order-medium:0;--awb-spacing-right-medium:1.92%;--awb-spacing-left-medium:1.92%;--awb-width-small:100%;--awb-order-small:0;--awb-spacing-right-small:1.92%;--awb-spacing-left-small:1.92%;\"><div class=\"fusion-column-wrapper fusion-column-has-shadow fusion-flex-justify-content-flex-start fusion-content-layout-column\"><div class=\"fusion-image-element \" style=\"text-align:center;--awb-aspect-ratio:16 \/ 9;--awb-caption-title-font-family:var(--h2_typography-font-family);--awb-caption-title-font-weight:var(--h2_typography-font-weight);--awb-caption-title-font-style:var(--h2_typography-font-style);--awb-caption-title-size:var(--h2_typography-font-size);--awb-caption-title-transform:var(--h2_typography-text-transform);--awb-caption-title-line-height:var(--h2_typography-line-height);--awb-caption-title-letter-spacing:var(--h2_typography-letter-spacing);\"><span class=\" fusion-imageframe imageframe-none imageframe-1 hover-type-none has-aspect-ratio\"><img decoding=\"async\" width=\"1200\" height=\"516\" title=\"svepretur-insamlingsinfo\" src=\"https:\/\/svepretur.se\/wp-content\/uploads\/2025\/11\/svepretur-insamlingsinfo-1200x516.jpg\" class=\"img-responsive wp-image-276 img-with-aspect-ratio\" data-parent-fit=\"cover\" data-parent-container=\".fusion-image-element\" alt srcset=\"https:\/\/svepretur.se\/wp-content\/uploads\/2025\/11\/svepretur-insamlingsinfo-200x86.jpg 200w, https:\/\/svepretur.se\/wp-content\/uploads\/2025\/11\/svepretur-insamlingsinfo-400x172.jpg 400w, https:\/\/svepretur.se\/wp-content\/uploads\/2025\/11\/svepretur-insamlingsinfo-600x258.jpg 600w, https:\/\/svepretur.se\/wp-content\/uploads\/2025\/11\/svepretur-insamlingsinfo-800x344.jpg 800w, https:\/\/svepretur.se\/wp-content\/uploads\/2025\/11\/svepretur-insamlingsinfo-1200x516.jpg 1200w\" sizes=\"(max-width: 640px) 100vw, 1200px\" \/><\/span><\/div><\/div><\/div><\/div><\/div><div class=\"fusion-fullwidth fullwidth-box fusion-builder-row-2 fusion-flex-container has-pattern-background has-mask-background nonhundred-percent-fullwidth non-hundred-percent-height-scrolling\" style=\"--awb-border-radius-top-left:0px;--awb-border-radius-top-right:0px;--awb-border-radius-bottom-right:0px;--awb-border-radius-bottom-left:0px;--awb-padding-bottom:50px;--awb-flex-wrap:wrap;\" ><div class=\"fusion-builder-row fusion-row fusion-flex-align-items-flex-start fusion-flex-justify-content-center fusion-flex-content-wrap\" style=\"max-width:1664px;margin-left: calc(-4% \/ 2 );margin-right: calc(-4% \/ 2 );\"><div class=\"fusion-layout-column fusion_builder_column fusion-builder-column-1 fusion_builder_column_3_5 3_5 fusion-flex-column\" style=\"--awb-bg-size:cover;--awb-width-large:60%;--awb-margin-top-large:0px;--awb-spacing-right-large:3.2%;--awb-margin-bottom-large:20px;--awb-spacing-left-large:3.2%;--awb-width-medium:60%;--awb-order-medium:0;--awb-spacing-right-medium:3.2%;--awb-spacing-left-medium:3.2%;--awb-width-small:100%;--awb-order-small:0;--awb-spacing-right-small:1.92%;--awb-spacing-left-small:1.92%;\"><div class=\"fusion-column-wrapper fusion-column-has-shadow fusion-flex-justify-content-flex-start fusion-content-layout-column\"><div class=\"fusion-title title fusion-title-1 fusion-sep-none fusion-title-center fusion-title-text fusion-title-size-one\"><h1 class=\"fusion-title-heading title-heading-center fusion-responsive-typography-calculated\" style=\"margin:0;--fontSize:63;line-height:1.12;\">About Svepretur<\/h1><\/div><div class=\"fusion-text fusion-text-1\" style=\"--awb-content-alignment:center;--awb-font-size:var(--awb-typography2-font-size);--awb-line-height:var(--awb-typography2-line-height);\"><p>Svepretur is a non-profit industry association that brings together manufacturers, importers, and retailers of silage film, plastic bulk bags, and cultivation film. Through shared responsibility, the organization works to provide an environmentally responsible and cost-effective recycling solution for farmers, growers, and horse owners across the country. Our subcontractor, <a style=\"text-decoration: underline;\" href=\"https:\/\/krsab.nu\/\" target=\"_blank\" rel=\"noopener\">Kretslopp &amp; Recycling i Sverige AB<\/a>, is responsible for collection, on-farm pickup, etc., and for ensuring that the collected material is recycled in an environmentally sound manner.<\/p>\n<\/div><\/div><\/div><\/div><\/div><div class=\"fusion-fullwidth fullwidth-box fusion-builder-row-3 fusion-flex-container has-pattern-background has-mask-background nonhundred-percent-fullwidth non-hundred-percent-height-scrolling\" style=\"--awb-border-radius-top-left:0px;--awb-border-radius-top-right:0px;--awb-border-radius-bottom-right:0px;--awb-border-radius-bottom-left:0px;--awb-padding-bottom:50px;--awb-flex-wrap:wrap;\" ><div class=\"fusion-builder-row fusion-row fusion-flex-align-items-flex-start fusion-flex-justify-content-center fusion-flex-content-wrap\" style=\"max-width:1664px;margin-left: calc(-4% \/ 2 );margin-right: calc(-4% \/ 2 );\"><div class=\"fusion-layout-column fusion_builder_column fusion-builder-column-2 fusion_builder_column_1_1 1_1 fusion-flex-column\" style=\"--awb-padding-top:4%;--awb-padding-bottom:4%;--awb-overflow:hidden;--awb-bg-color:rgba(115,181,109,0.2);--awb-bg-color-hover:rgba(115,181,109,0.2);--awb-bg-size:cover;--awb-border-radius:12px 12px 12px 12px;--awb-width-large:100%;--awb-margin-top-large:0px;--awb-spacing-right-large:1.92%;--awb-margin-bottom-large:20px;--awb-spacing-left-large:1.92%;--awb-width-medium:100%;--awb-order-medium:0;--awb-spacing-right-medium:1.92%;--awb-spacing-left-medium:1.92%;--awb-width-small:100%;--awb-order-small:0;--awb-spacing-right-small:1.92%;--awb-spacing-left-small:1.92%;\"><div class=\"fusion-column-wrapper fusion-column-has-shadow fusion-flex-justify-content-flex-start fusion-content-layout-column\"><div class=\"fusion-builder-row fusion-builder-row-inner fusion-row fusion-flex-align-items-flex-start fusion-flex-justify-content-center fusion-flex-content-wrap\" style=\"width:104% !important;max-width:104% !important;margin-left: calc(-4% \/ 2 );margin-right: calc(-4% \/ 2 );\"><div class=\"fusion-layout-column fusion_builder_column_inner fusion-builder-nested-column-0 fusion_builder_column_inner_2_5 2_5 fusion-flex-column fusion-flex-align-self-center\" style=\"--awb-padding-top:4%;--awb-padding-right:4%;--awb-padding-bottom:4%;--awb-padding-left:8%;--awb-bg-size:cover;--awb-width-large:40%;--awb-margin-top-large:0px;--awb-spacing-right-large:4.8%;--awb-margin-bottom-large:20px;--awb-spacing-left-large:4.8%;--awb-width-medium:50%;--awb-order-medium:0;--awb-spacing-right-medium:3.84%;--awb-spacing-left-medium:3.84%;--awb-width-small:100%;--awb-order-small:1;--awb-spacing-right-small:1.92%;--awb-spacing-left-small:1.92%;\"><div class=\"fusion-column-wrapper fusion-column-has-shadow fusion-flex-justify-content-flex-start fusion-content-layout-column\"><div class=\"fusion-title title fusion-title-2 fusion-sep-none fusion-title-text fusion-title-size-two\"><h2 class=\"fusion-title-heading title-heading-left fusion-responsive-typography-calculated\" style=\"margin:0;--fontSize:47;line-height:1.12;\">Activity and purpose<\/h2><\/div><div class=\"fusion-text fusion-text-2\" style=\"--awb-font-size:var(--awb-typography4-font-size);\"><p data-start=\"0\" data-end=\"496\">The trade association\u2019s operational activities are managed by Svepretur AB (Svensk Ensilageplast Retur AB), a materials company similar to those that exist for glass and newspapers. The company operates entirely on a non-profit basis and is competition-neutral. The fees charged correspond to the actual costs, and when selecting contractors, priority is given to cost-efficiency and service level. The current contractor agreement with Svepretur AB is held by <a style=\"text-decoration: underline;\" href=\"https:\/\/krsab.nu\/\" target=\"_blank\" rel=\"noopener\">Kretslopp &amp; Recycling i Sverige AB<\/a>.<\/p>\n<p data-start=\"498\" data-end=\"892\" data-is-last-node=\"\" data-is-only-node=\"\">The results of the operations are reported to the Swedish Environmental Protection Agency (Naturv\u00e5rdsverket), and follow-up reports are published on Svepretur\u2019s website. The entire recycling system is financed through a fee paid at the time of purchasing the plastic products, which means that farmers and growers can then easily return their plastic to collection points at no additional cost.<\/p>\n<\/div><\/div><\/div><div class=\"fusion-layout-column fusion_builder_column_inner fusion-builder-nested-column-1 fusion_builder_column_inner_2_5 2_5 fusion-flex-column fusion-flex-align-self-center\" style=\"--awb-padding-top:4%;--awb-padding-right:4%;--awb-padding-bottom:4%;--awb-padding-left:8%;--awb-bg-size:cover;--awb-width-large:40%;--awb-margin-top-large:0px;--awb-spacing-right-large:4.8%;--awb-margin-bottom-large:20px;--awb-spacing-left-large:4.8%;--awb-width-medium:50%;--awb-order-medium:0;--awb-spacing-right-medium:3.84%;--awb-spacing-left-medium:3.84%;--awb-width-small:100%;--awb-order-small:1;--awb-spacing-right-small:1.92%;--awb-spacing-left-small:1.92%;\"><div class=\"fusion-column-wrapper fusion-column-has-shadow fusion-flex-justify-content-flex-start fusion-content-layout-column\"><div class=\"fusion-title title fusion-title-3 fusion-sep-none fusion-title-text fusion-title-size-two\"><h2 class=\"fusion-title-heading title-heading-left fusion-responsive-typography-calculated\" style=\"margin:0;--fontSize:47;line-height:1.12;\">For a more environmentally friendly agriculture<\/h2><\/div><div class=\"fusion-text fusion-text-3\" style=\"--awb-font-size:var(--awb-typography4-font-size);\"><p>By sorting and recycling agricultural plastic, you contribute to more sustainable farming and significantly reduce carbon dioxide emissions. The collected plastic is viewed as a resource \u2014 a large portion of it is recycled at the <a style=\"text-decoration: underline;\" href=\"https:\/\/www.trioworld.se\/om-oss\/detta-ar-trioworld\/reviva-plastics\" target=\"_blank\" rel=\"noopener\">Reviva<\/a> recycling facility in Korsberga, Sm\u00e5land, where it is processed into new raw material for plastic products.<\/p>\n<p>The recycling requirements are driven by both environmental considerations and a long-term perspective on resource management. In 2025, approximately 26,000 tonnes of agricultural plastic were collected in Sweden by our subcontractor, <a style=\"text-decoration: underline;\" href=\"https:\/\/krsab.nu\/\" target=\"_blank\" rel=\"noopener\">Kretslopp &amp; Recycling i Sverige AB<\/a>. By sorting correctly, you help keep recycling fees down and contribute to more efficient handling.<\/p>\n<\/div><\/div><\/div><\/div><\/div><\/div><\/div><\/div><div class=\"fusion-fullwidth fullwidth-box fusion-builder-row-4 fusion-flex-container has-pattern-background has-mask-background nonhundred-percent-fullwidth non-hundred-percent-height-scrolling\" style=\"--awb-border-radius-top-left:0px;--awb-border-radius-top-right:0px;--awb-border-radius-bottom-right:0px;--awb-border-radius-bottom-left:0px;--awb-padding-top:4%;--awb-padding-bottom:4%;--awb-flex-wrap:wrap;\" ><div class=\"fusion-builder-row fusion-row fusion-flex-align-items-flex-start fusion-flex-justify-content-center fusion-flex-content-wrap\" style=\"max-width:1664px;margin-left: calc(-4% \/ 2 );margin-right: calc(-4% \/ 2 );\"><div class=\"fusion-layout-column fusion_builder_column fusion-builder-column-3 fusion_builder_column_2_5 2_5 fusion-flex-column\" style=\"--awb-bg-size:cover;--awb-width-large:40%;--awb-margin-top-large:0px;--awb-spacing-right-large:4.8%;--awb-margin-bottom-large:20px;--awb-spacing-left-large:4.8%;--awb-width-medium:40%;--awb-order-medium:0;--awb-spacing-right-medium:4.8%;--awb-spacing-left-medium:4.8%;--awb-width-small:100%;--awb-order-small:0;--awb-spacing-right-small:1.92%;--awb-spacing-left-small:1.92%;\"><div class=\"fusion-column-wrapper fusion-column-has-shadow fusion-flex-justify-content-flex-start fusion-content-layout-column\"><div class=\"fusion-title title fusion-title-4 fusion-sep-none fusion-title-text fusion-title-size-two\"><h2 class=\"fusion-title-heading title-heading-left fusion-responsive-typography-calculated\" style=\"margin:0;--fontSize:47;line-height:1.12;\">The industry association&#8217;s members<\/h2><\/div><div class=\"fusion-text fusion-text-4\" style=\"--awb-font-size:var(--awb-typography2-font-size);--awb-line-height:var(--awb-typography2-line-height);\"><p>Svepretur consists of a number of member companies within the agricultural and plastics industries.<\/p>\n<\/div><div class=\"fusion-text fusion-text-5\"><p>AB Raniplast Oy, BPI Agri, DLA Agro, Lantm\u00e4nnen Lantbruk, LRF, Olssons Fr\u00f6 AB, Poly Produkter AB, Spannex AB, Svenska Foder AB, Svenskt V\u00e4xtskydd, Tama Scandinavia AB, Trioplast AB och Yara AB.<\/p>\n<\/div><\/div><\/div><\/div><\/div><\/p>\n","protected":false},"excerpt":{"rendered":"","protected":false},"author":1,"featured_media":0,"parent":0,"menu_order":0,"comment_status":"closed","ping_status":"closed","template":"100-width.php","meta":{"_acf_changed":false,"footnotes":""},"class_list":["post-11140","page","type-page","status-publish","hentry"],"acf":[],"_links":{"self":[{"href":"https:\/\/svepretur.se\/en\/wp-json\/wp\/v2\/pages\/11140","targetHints":{"allow":["GET"]}}],"collection":[{"href":"https:\/\/svepretur.se\/en\/wp-json\/wp\/v2\/pages"}],"about":[{"href":"https:\/\/svepretur.se\/en\/wp-json\/wp\/v2\/types\/page"}],"author":[{"embeddable":true,"href":"https:\/\/svepretur.se\/en\/wp-json\/wp\/v2\/users\/1"}],"replies":[{"embeddable":true,"href":"https:\/\/svepretur.se\/en\/wp-json\/wp\/v2\/comments?post=11140"}],"version-history":[{"count":10,"href":"https:\/\/svepretur.se\/en\/wp-json\/wp\/v2\/pages\/11140\/revisions"}],"predecessor-version":[{"id":11319,"href":"https:\/\/svepretur.se\/en\/wp-json\/wp\/v2\/pages\/11140\/revisions\/11319"}],"wp:attachment":[{"href":"https:\/\/svepretur.se\/en\/wp-json\/wp\/v2\/media?parent=11140"}],"curies":[{"name":"wp","href":"https:\/\/api.w.org\/{rel}","templated":true}]}}